{"id":35,"date":"2025-05-20T09:55:13","date_gmt":"2025-05-20T09:55:13","guid":{"rendered":"http:\/\/biotechnology.put.poznan.pl\/?page_id=35"},"modified":"2025-12-01T11:18:50","modified_gmt":"2025-12-01T11:18:50","slug":"nasza-aktywnosc","status":"publish","type":"page","link":"https:\/\/biotechnology.put.poznan.pl\/en\/nasza-aktywnosc\/","title":{"rendered":"Our activities"},"content":{"rendered":"<h3>Nasz profil na LinkedIn<\/h3>\n<p>Zapraszamy do obserwowania: https:\/\/pl.linkedin.com\/company\/put-cluster-sustainable-biotechnology\u00a0<\/p>\n<h3>Events<\/h3>\n<p>Wi\u0119cej na stronie:\u00a0https:\/\/biotechnology.put.poznan.pl\/nasza-aktywnosc\/organizowane-wydarzenia\/<\/p>\n<h3>Publications<\/h3>\n<p>Wi\u0119cej na stronie: https:\/\/biotechnology.put.poznan.pl\/nasza-aktywnosc\/wystapienia-konferencyjne\/<\/p>\n<h3>Talks and Presentations<\/h3>\n<p>Wi\u0119cej na stronie:\u00a0https:\/\/biotechnology.put.poznan.pl\/nasza-aktywnosc\/wystapienia-konferencyjne\/<\/p>\n<h3>Projects<\/h3>\n<p>Wi\u0119cej na stronie:\u00a0https:\/\/biotechnology.put.poznan.pl\/nasza-aktywnosc\/projekty\/<\/p>\n<h3>Media about us<\/h3>\n<p>https:\/\/fct.put.poznan.pl\/en\/aktualnosci<\/p>\n<p>https:\/\/put.poznan.pl\/en\/node\/254694<\/p>\n<p>https:\/\/put.poznan.pl\/artykul\/panel-dyskusyjny-trendy-i-innowacje-w-biotechnologii\u00a0<\/p>\n<h2>Contact us<\/h2>\n<h2>Cluster coordinator<\/h2>\n<h2>Wojciech Smu\u0142ek<\/h2>\n<p><img fetchpriority=\"high\" decoding=\"async\" src=\"https:\/\/biotechnology.put.poznan.pl\/wp-content\/uploads\/2025\/05\/Wojciech-smulek-kwadrat.jpg\" sizes=\"(max-width: 760px) 100vw, 760px\" srcset=\"https:\/\/biotechnology.put.poznan.pl\/wp-content\/uploads\/2025\/05\/Wojciech-smulek-kwadrat.jpg 760w, https:\/\/biotechnology.put.poznan.pl\/wp-content\/uploads\/2025\/05\/Wojciech-smulek-kwadrat-300x300.jpg 300w, https:\/\/biotechnology.put.poznan.pl\/wp-content\/uploads\/2025\/05\/Wojciech-smulek-kwadrat-150x150.jpg 150w\" alt=\"Wojciech Smu\u0142ek | Klaster Zr\u00f3wnowa\u017conej Biotechnologii | Politechnika Pozna\u0144ska\" width=\"760\" height=\"760\" \/><br \/><strong>email:<\/strong> <a href=\"mailto:wojciech.smulek@put.poznan.pl\">wojciech.smulek@put.poznan.pl<\/a><br \/><strong>tel:<\/strong><a href=\"tel:+48513444991\">513 444 991<\/a><br \/><a href=\"https:\/\/www.linkedin.com\/company\/put-cluster-sustainable-biotechnology\/\" target=\"_blank\" rel=\"noopener\"><br \/>Linkedin<br \/><\/a><\/p>\n<h2>Fill in the contact form<\/h2>\n\n\n<p><\/p>","protected":false},"excerpt":{"rendered":"<p>Nasz profil na LinkedIn Zapraszamy do obserwowania: https:\/\/pl.linkedin.com\/company\/put-cluster-sustainable-biotechnology\u00a0 Wydarzenia Wi\u0119cej na stronie:\u00a0https:\/\/biotechnology.put.poznan.pl\/nasza-aktywnosc\/organizowane-wydarzenia\/ Publikacje Wi\u0119cej na stronie: https:\/\/biotechnology.put.poznan.pl\/nasza-aktywnosc\/wystapienia-konferencyjne\/ Wyst\u0105pienia i prezentacje Wi\u0119cej na stronie:\u00a0https:\/\/biotechnology.put.poznan.pl\/nasza-aktywnosc\/wystapienia-konferencyjne\/ Projekty Wi\u0119cej na stronie:\u00a0https:\/\/biotechnology.put.poznan.pl\/nasza-aktywnosc\/projekty\/ Media o nas https:\/\/fct.put.poznan.pl\/en\/aktualnosci https:\/\/put.poznan.pl\/en\/node\/254694 https:\/\/put.poznan.pl\/artykul\/panel-dyskusyjny-trendy-i-innowacje-w-biotechnologii\u00a0 Skontaktuj si\u0119 z nami Koordynator klastra Wojciech Smu\u0142ek mail: wojciech.smulek@put.poznan.pltel.:513 444 991Linkedin Wype\u0142nij formularz kontaktowy<\/p>","protected":false},"author":2,"featured_media":0,"parent":0,"menu_order":0,"comment_status":"closed","ping_status":"closed","template":"elementor_header_footer","meta":{"footnotes":""},"class_list":["post-35","page","type-page","status-publish","hentry"],"_links":{"self":[{"href":"https:\/\/biotechnology.put.poznan.pl\/en\/wp-json\/wp\/v2\/pages\/35","targetHints":{"allow":["GET"]}}],"collection":[{"href":"https:\/\/biotechnology.put.poznan.pl\/en\/wp-json\/wp\/v2\/pages"}],"about":[{"href":"https:\/\/biotechnology.put.poznan.pl\/en\/wp-json\/wp\/v2\/types\/page"}],"author":[{"embeddable":true,"href":"https:\/\/biotechnology.put.poznan.pl\/en\/wp-json\/wp\/v2\/users\/2"}],"replies":[{"embeddable":true,"href":"https:\/\/biotechnology.put.poznan.pl\/en\/wp-json\/wp\/v2\/comments?post=35"}],"version-history":[{"count":9,"href":"https:\/\/biotechnology.put.poznan.pl\/en\/wp-json\/wp\/v2\/pages\/35\/revisions"}],"predecessor-version":[{"id":379,"href":"https:\/\/biotechnology.put.poznan.pl\/en\/wp-json\/wp\/v2\/pages\/35\/revisions\/379"}],"wp:attachment":[{"href":"https:\/\/biotechnology.put.poznan.pl\/en\/wp-json\/wp\/v2\/media?parent=35"}],"curies":[{"name":"wp","href":"https:\/\/api.w.org\/{rel}","templated":true}]}}