{"id":37,"date":"2025-05-20T09:55:49","date_gmt":"2025-05-20T09:55:49","guid":{"rendered":"http:\/\/biotechnology.put.poznan.pl\/?page_id=37"},"modified":"2026-03-04T17:42:18","modified_gmt":"2026-03-04T17:42:18","slug":"projekty","status":"publish","type":"page","link":"https:\/\/biotechnology.put.poznan.pl\/en\/nasza-aktywnosc\/projekty\/","title":{"rendered":"Projects"},"content":{"rendered":"<div data-elementor-type=\"wp-page\" data-elementor-id=\"37\" class=\"elementor elementor-37\" data-elementor-post-type=\"page\">\n\t\t\t\t<div class=\"elementor-element elementor-element-314cfff e-flex e-con-boxed e-con e-parent\" data-id=\"314cfff\" data-element_type=\"container\" data-e-type=\"container\">\n\t\t\t\t\t<div class=\"e-con-inner\">\n\t\t<div class=\"elementor-element elementor-element-a344f33 e-con-full e-flex e-con e-child\" data-id=\"a344f33\" data-element_type=\"container\" data-e-type=\"container\">\n\t\t\t\t<div class=\"elementor-element elementor-element-29b4b9d elementor-widget-divider--view-line elementor-widget elementor-widget-divider\" data-id=\"29b4b9d\" data-element_type=\"widget\" data-e-type=\"widget\" data-widget_type=\"divider.default\">\n\t\t\t\t<div class=\"elementor-widget-container\">\n\t\t\t\t\t\t\t<div class=\"elementor-divider\">\n\t\t\t<span class=\"elementor-divider-separator\">\n\t\t\t\t\t\t<\/span>\n\t\t<\/div>\n\t\t\t\t\t\t<\/div>\n\t\t\t\t<\/div>\n\t\t\t\t<\/div>\n\t\t\t\t\t<\/div>\n\t\t\t\t<\/div>\n\t\t<div class=\"elementor-element elementor-element-0e45c08 e-flex e-con-boxed e-con e-parent\" data-id=\"0e45c08\" data-element_type=\"container\" data-e-type=\"container\">\n\t\t\t\t\t<div class=\"e-con-inner\">\n\t\t\t\t<div class=\"elementor-element elementor-element-3e50ca0 elementor-widget elementor-widget-text-editor\" data-id=\"3e50ca0\" data-element_type=\"widget\" data-e-type=\"widget\" data-widget_type=\"text-editor.default\">\n\t\t\t\t<div class=\"elementor-widget-container\">\n\t\t\t\t\t\t\t\t\t<p><strong>Aplikacje o projekty powsta\u0142e w ramach dzia\u0142alno\u015bci Klastra Zr\u00f3wnowa\u017conej Biotechnologii Politechniki Pozna\u0144skiej:<\/strong><\/p><ul><li>Sonata 21 (Narodowe Centrum Nauki) &#8211; grudzie\u0144 2025 &#8211; dr in\u017c. Mariusz Szczygie\u0142da i dr hab. in\u017c. Dariusz Brzezi\u0144ski<\/li><li>Sonata Bis 15 (Narodowe Centrum Nauki) &#8211; wrzesie\u0144 2025 &#8211; dr hab. in\u017c. Wojciech Smu\u0142ek i dr in\u017c. Maciej Piernik<\/li><\/ul><p>\u00a0<\/p>\t\t\t\t\t\t\t\t<\/div>\n\t\t\t\t<\/div>\n\t\t\t\t\t<\/div>\n\t\t\t\t<\/div>\n\t\t\t\t<\/div>","protected":false},"excerpt":{"rendered":"<p>Aplikacje o projekty powsta\u0142e w ramach dzia\u0142alno\u015bci Klastra Zr\u00f3wnowa\u017conej Biotechnologii Politechniki Pozna\u0144skiej: Sonata 21 (Narodowe Centrum Nauki) &#8211; grudzie\u0144 2025 &#8211; dr in\u017c. Mariusz Szczygie\u0142da i dr hab. in\u017c. Dariusz Brzezi\u0144ski Sonata Bis 15 (Narodowe Centrum Nauki) &#8211; wrzesie\u0144 2025 &#8211; dr hab. in\u017c. Wojciech Smu\u0142ek i dr in\u017c. Maciej Piernik \u00a0<\/p>","protected":false},"author":2,"featured_media":0,"parent":35,"menu_order":0,"comment_status":"closed","ping_status":"closed","template":"elementor_header_footer","meta":{"footnotes":""},"class_list":["post-37","page","type-page","status-publish","hentry"],"_links":{"self":[{"href":"https:\/\/biotechnology.put.poznan.pl\/en\/wp-json\/wp\/v2\/pages\/37","targetHints":{"allow":["GET"]}}],"collection":[{"href":"https:\/\/biotechnology.put.poznan.pl\/en\/wp-json\/wp\/v2\/pages"}],"about":[{"href":"https:\/\/biotechnology.put.poznan.pl\/en\/wp-json\/wp\/v2\/types\/page"}],"author":[{"embeddable":true,"href":"https:\/\/biotechnology.put.poznan.pl\/en\/wp-json\/wp\/v2\/users\/2"}],"replies":[{"embeddable":true,"href":"https:\/\/biotechnology.put.poznan.pl\/en\/wp-json\/wp\/v2\/comments?post=37"}],"version-history":[{"count":10,"href":"https:\/\/biotechnology.put.poznan.pl\/en\/wp-json\/wp\/v2\/pages\/37\/revisions"}],"predecessor-version":[{"id":393,"href":"https:\/\/biotechnology.put.poznan.pl\/en\/wp-json\/wp\/v2\/pages\/37\/revisions\/393"}],"up":[{"embeddable":true,"href":"https:\/\/biotechnology.put.poznan.pl\/en\/wp-json\/wp\/v2\/pages\/35"}],"wp:attachment":[{"href":"https:\/\/biotechnology.put.poznan.pl\/en\/wp-json\/wp\/v2\/media?parent=37"}],"curies":[{"name":"wp","href":"https:\/\/api.w.org\/{rel}","templated":true}]}}