{"id":41,"date":"2025-05-20T09:56:35","date_gmt":"2025-05-20T09:56:35","guid":{"rendered":"http:\/\/biotechnology.put.poznan.pl\/?page_id=41"},"modified":"2026-03-11T13:23:01","modified_gmt":"2026-03-11T13:23:01","slug":"wystapienia-konferencyjne","status":"publish","type":"page","link":"https:\/\/biotechnology.put.poznan.pl\/en\/nasza-aktywnosc\/wystapienia-konferencyjne\/","title":{"rendered":"Conference presentations"},"content":{"rendered":"<div data-elementor-type=\"wp-page\" data-elementor-id=\"41\" class=\"elementor elementor-41\" data-elementor-post-type=\"page\">\n\t\t\t\t<div class=\"elementor-element elementor-element-96cffad e-flex e-con-boxed e-con e-parent\" data-id=\"96cffad\" data-element_type=\"container\" data-e-type=\"container\">\n\t\t\t\t\t<div class=\"e-con-inner\">\n\t\t<div class=\"elementor-element elementor-element-1ddf4d3 e-con-full e-flex e-con e-child\" data-id=\"1ddf4d3\" data-element_type=\"container\" data-e-type=\"container\">\n\t\t\t\t<div class=\"elementor-element elementor-element-883343d elementor-widget-divider--view-line elementor-widget elementor-widget-divider\" data-id=\"883343d\" data-element_type=\"widget\" data-e-type=\"widget\" data-widget_type=\"divider.default\">\n\t\t\t\t<div class=\"elementor-widget-container\">\n\t\t\t\t\t\t\t<div class=\"elementor-divider\">\n\t\t\t<span class=\"elementor-divider-separator\">\n\t\t\t\t\t\t<\/span>\n\t\t<\/div>\n\t\t\t\t\t\t<\/div>\n\t\t\t\t<\/div>\n\t\t\t\t<div class=\"elementor-element elementor-element-8ce0230 elementor-widget elementor-widget-text-editor\" data-id=\"8ce0230\" data-element_type=\"widget\" data-e-type=\"widget\" data-widget_type=\"text-editor.default\">\n\t\t\t\t<div class=\"elementor-widget-container\">\n\t\t\t\t\t\t\t\t\t<p><b>Wyst\u0105pienia konferencyjne promuj\u0105ce dzia\u0142alno\u015b\u0107 i badania realizowane w ramach Klastra Zr\u00f3wnowa\u017conej Biotechnologii Politechniki Pozna\u0144skiej:<\/b><\/p><ul><li>\u0141ukasz Pi\u0105tkowski, <i>SPOTLab &#8211; from magnetic field sensors to cellular membranes<\/i><i>, <\/i>9IR Optical Nanoscopy Workshop, Krak\u00f3w, 11.03.2026 &#8211; wyk\u0142ad na zaproszenie<\/li><li>Emilia Krok,<em> From science beyond borders to understanding the boundaries of cells,<\/em>\u00a0Polnisch-Deutsche Wissenschaftliche Begegnungen\/Polsko-Niemieckie Spotkania Naukowe (organizers: Ambasada Niemiec, Das Deutsche Historische Institut Warschau\/Niemiecki Instytut Historyczny w Warszawie, DAAD Deutscher Akademischer Austauschdienst\/Niemiecka Centrala Wymiany Akademickiej) Warszawa, 11.12.2025 &#8211; wyk\u0142ad na zaproszenie<\/li><li>Mateusz Twardawa, <em data-start=\"448\" data-end=\"565\">Modeling the Evolution of the Adaptive Immune Response: How to Overcome the Unpredictability of Pathogen Diversity?<\/em>, <span class=\"hover:entity-accent entity-underline inline cursor-pointer align-baseline\"><span class=\"whitespace-normal\">9th Workshop on BioInformatics meets Machine Learning<\/span><\/span>, Mittweida, Niemcy, 11.12.2025 \u2013 komunikat<\/li><li><div>Emilia Krok,\u00a0<em>Najprostsze formy \u017cycia pod lup\u0105 \u2013 rekonstrukcja otoczek kom\u00f3rkowych bakterii gram-dodatnich i gram-ujemnych<\/em>, V Og\u00f3lnopolskie Sympozjum Chemii Bioorganicznej, Organicznej i Biomateria\u0142\u00f3w, Pozna\u0144, 21-22.11.2025 &#8211; komunikat<\/div><\/li><li>Agnieszka Rybarczyk, <em>The Analysis of the Impact of Substitutions within EXO-Motifs on Hsa-miR-1246 Intercellular Transfer in Breast Cancer Cells<\/em>. PIFI Day on Next-Generation AI Infrastructure, Shenzhen, China, 2025.10.23-26 &#8211; referat plenarny<\/li><li>Mateusz Twardawa, <em data-start=\"233\" data-end=\"334\">AI in Bioinformatics: Cybersecurity Risks, Model Attacks and the Rising Threat of Scientific Misuse<\/em>, <span class=\"hover:entity-accent entity-underline inline cursor-pointer align-baseline\"><span class=\"whitespace-normal\">Laboratory of Algorithm Design and Programming Systems CS PUT Seminars<\/span><\/span>, Pozna\u0144, Polska, 7.10.2025 \u2013 wyst\u0105pienie seminaryjne<\/li><li><div>Emilia Krok, Henri G. Franquelim, Petra Schwille, \u0141ukasz Piatkowski, <em>Anhydrobiosis under scrutiny \u2013 unravelling the role of water in dynamics and structural organization of biomimetic membranes<\/em>, 19th International Conference on Organized Molecular Films, Tokyo, Japan, 7-11.07.2025 &#8211; komunikat <strong>Best Oral Presentation Award for Early Career Researchers<\/strong><\/div><\/li><li>\u0141ukasz Pi\u0105tkowski, Hanna Orlikowska-Rze\u017anik, Jan Versluis, Huib J. Bakker, <i>Cholesterol modulates interfacial water alignment at the interface of cellular membranes, <\/i>9th International Conference on Organized Molecular Films, Tokyo, Japan, 7-11.07.2025 &#8211; wyk\u0142ad na zaproszenie<\/li><li><p>Agnieszka Rybarczyk, Marcin Radom, Piotr Formanowicz, <em>Evaluation of Minimal Cut Sets in Biological Systems Modeled by Petri Nets. <\/em>XXXIV EURO: 34th European Conference on Operational Research, Leeds, UK, 2025.06.22-25 &#8211; referat<\/p><\/li><li><p>Marcin Radom, Bart\u0142omiej Szawulak, Piotr Formanowicz,<br \/><em>Modeling and analyzing complex biological systems with Holmes 2.0. <\/em>XXXIV EURO: 34th European Conference on Operational Research, Leeds, UK, 2025.06.22-25 &#8211; referat<\/p><\/li><li>Mateusz Twardawa, <em data-start=\"21\" data-end=\"100\">Attacks on Artificial Intelligence Models and Cybersecurity in Bioinformatics<\/em>, <span class=\"hover:entity-accent entity-underline inline cursor-pointer align-baseline\"><span class=\"whitespace-normal\">BioMeeting 2025<\/span><\/span>, Mas\u0142\u00f3w Pierwszy, Polska, 23\u201325.05.2025 \u2013 wyk\u0142ad na zaproszenie<\/li><\/ul>\t\t\t\t\t\t\t\t<\/div>\n\t\t\t\t<\/div>\n\t\t\t\t<\/div>\n\t\t\t\t\t<\/div>\n\t\t\t\t<\/div>\n\t\t\t\t<\/div>","protected":false},"excerpt":{"rendered":"<p>Wyst\u0105pienia konferencyjne promuj\u0105ce dzia\u0142alno\u015b\u0107 i badania realizowane w ramach Klastra Zr\u00f3wnowa\u017conej Biotechnologii Politechniki Pozna\u0144skiej: \u0141ukasz Pi\u0105tkowski, SPOTLab &#8211; from magnetic field sensors to cellular membranes, 9IR Optical Nanoscopy Workshop, Krak\u00f3w, 11.03.2026 &#8211; wyk\u0142ad na zaproszenie Emilia Krok, From science beyond borders to understanding the boundaries of cells,\u00a0Polnisch-Deutsche Wissenschaftliche Begegnungen\/Polsko-Niemieckie Spotkania Naukowe (organizers: Ambasada Niemiec, Das [&hellip;]<\/p>\n","protected":false},"author":2,"featured_media":0,"parent":35,"menu_order":0,"comment_status":"closed","ping_status":"closed","template":"elementor_header_footer","meta":{"footnotes":""},"class_list":["post-41","page","type-page","status-publish","hentry"],"_links":{"self":[{"href":"https:\/\/biotechnology.put.poznan.pl\/en\/wp-json\/wp\/v2\/pages\/41","targetHints":{"allow":["GET"]}}],"collection":[{"href":"https:\/\/biotechnology.put.poznan.pl\/en\/wp-json\/wp\/v2\/pages"}],"about":[{"href":"https:\/\/biotechnology.put.poznan.pl\/en\/wp-json\/wp\/v2\/types\/page"}],"author":[{"embeddable":true,"href":"https:\/\/biotechnology.put.poznan.pl\/en\/wp-json\/wp\/v2\/users\/2"}],"replies":[{"embeddable":true,"href":"https:\/\/biotechnology.put.poznan.pl\/en\/wp-json\/wp\/v2\/comments?post=41"}],"version-history":[{"count":13,"href":"https:\/\/biotechnology.put.poznan.pl\/en\/wp-json\/wp\/v2\/pages\/41\/revisions"}],"predecessor-version":[{"id":404,"href":"https:\/\/biotechnology.put.poznan.pl\/en\/wp-json\/wp\/v2\/pages\/41\/revisions\/404"}],"up":[{"embeddable":true,"href":"https:\/\/biotechnology.put.poznan.pl\/en\/wp-json\/wp\/v2\/pages\/35"}],"wp:attachment":[{"href":"https:\/\/biotechnology.put.poznan.pl\/en\/wp-json\/wp\/v2\/media?parent=41"}],"curies":[{"name":"wp","href":"https:\/\/api.w.org\/{rel}","templated":true}]}}