{"id":43,"date":"2025-05-20T09:57:19","date_gmt":"2025-05-20T09:57:19","guid":{"rendered":"http:\/\/biotechnology.put.poznan.pl\/?page_id=43"},"modified":"2026-02-14T11:21:27","modified_gmt":"2026-02-14T11:21:27","slug":"organizowane-wydarzenia","status":"publish","type":"page","link":"https:\/\/biotechnology.put.poznan.pl\/en\/nasza-aktywnosc\/organizowane-wydarzenia\/","title":{"rendered":"Organised events"},"content":{"rendered":"<div data-elementor-type=\"wp-page\" data-elementor-id=\"43\" class=\"elementor elementor-43\" data-elementor-post-type=\"page\">\n\t\t\t\t<div class=\"elementor-element elementor-element-48c2d33 e-flex e-con-boxed e-con e-parent\" data-id=\"48c2d33\" data-element_type=\"container\" data-e-type=\"container\">\n\t\t\t\t\t<div class=\"e-con-inner\">\n\t\t<div class=\"elementor-element elementor-element-79805d0 e-con-full e-flex e-con e-child\" data-id=\"79805d0\" data-element_type=\"container\" data-e-type=\"container\">\n\t\t\t\t<div class=\"elementor-element elementor-element-df2f089 elementor-widget-divider--view-line elementor-widget elementor-widget-divider\" data-id=\"df2f089\" data-element_type=\"widget\" data-e-type=\"widget\" data-widget_type=\"divider.default\">\n\t\t\t\t<div class=\"elementor-widget-container\">\n\t\t\t\t\t\t\t<div class=\"elementor-divider\">\n\t\t\t<span class=\"elementor-divider-separator\">\n\t\t\t\t\t\t<\/span>\n\t\t<\/div>\n\t\t\t\t\t\t<\/div>\n\t\t\t\t<\/div>\n\t\t\t\t<\/div>\n\t\t\t\t\t<\/div>\n\t\t\t\t<\/div>\n\t\t<div class=\"elementor-element elementor-element-59d1463 e-flex e-con-boxed e-con e-parent\" data-id=\"59d1463\" data-element_type=\"container\" data-e-type=\"container\">\n\t\t\t\t\t<div class=\"e-con-inner\">\n\t\t<div class=\"elementor-element elementor-element-6b34dac e-con-full e-flex e-con e-child\" data-id=\"6b34dac\" data-element_type=\"container\" data-e-type=\"container\">\n\t\t\t\t<div class=\"elementor-element elementor-element-a13d38e elementor-widget elementor-widget-heading\" data-id=\"a13d38e\" data-element_type=\"widget\" data-e-type=\"widget\" data-widget_type=\"heading.default\">\n\t\t\t\t<div class=\"elementor-widget-container\">\n\t\t\t\t\t<h3 class=\"elementor-heading-title elementor-size-default\"><span style=\"font-weight: bolder;font-family: stevie-sans, sans-serif;font-size: 20px\">7th Biotransformations Symposium for the Pharmaceutical and Cosmetics Industry (7BPCI)<\/span><\/h3>\t\t\t\t<\/div>\n\t\t\t\t<\/div>\n\t\t\t\t<div class=\"elementor-element elementor-element-e7915c0 elementor-widget elementor-widget-text-editor\" data-id=\"e7915c0\" data-element_type=\"widget\" data-e-type=\"widget\" data-widget_type=\"text-editor.default\">\n\t\t\t\t<div class=\"elementor-widget-container\">\n\t\t\t\t\t\t\t\t\t<p>Klaster Zr\u00f3wnowa\u017conej Biotechnologii nawiaza\u0142 wsp\u00f3\u0142prac\u0119 z <strong>7th Biotransformations Symposium for the Pharmaceutical and Cosmetics Industry (7BPCI). <\/strong>To si\u00f3dma edycja wydarzenia, gromadz\u0105cego mi\u0119dzynarodowe \u015brodowisko naukowc\u00f3w zajmuj\u0105cych si\u0119 procesami biotransformacji. W tym roku wydarzenie odb\u0119dzie si\u0119 w Poznaniu w dniach 24-26 maja. Zapraszamy do rejetsracji podczas wydarzenia poprzez stron\u0119 sympozjum https:\/\/7bpci.put.poznan.pl\/\u00a0<\/p>\t\t\t\t\t\t\t\t<\/div>\n\t\t\t\t<\/div>\n\t\t\t\t<\/div>\n\t\t<div class=\"elementor-element elementor-element-fff4ab9 e-con-full e-flex e-con e-child\" data-id=\"fff4ab9\" data-element_type=\"container\" data-e-type=\"container\">\n\t\t\t\t<div class=\"elementor-element elementor-element-a0d21ef elementor-arrows-position-inside elementor-pagination-position-outside elementor-widget elementor-widget-image-carousel\" data-id=\"a0d21ef\" data-element_type=\"widget\" data-e-type=\"widget\" data-settings=\"{&quot;slides_to_show&quot;:&quot;1&quot;,&quot;navigation&quot;:&quot;both&quot;,&quot;autoplay&quot;:&quot;yes&quot;,&quot;pause_on_hover&quot;:&quot;yes&quot;,&quot;pause_on_interaction&quot;:&quot;yes&quot;,&quot;autoplay_speed&quot;:5000,&quot;infinite&quot;:&quot;yes&quot;,&quot;effect&quot;:&quot;slide&quot;,&quot;speed&quot;:500}\" data-widget_type=\"image-carousel.default\">\n\t\t\t\t<div class=\"elementor-widget-container\">\n\t\t\t\t\t\t\t<div class=\"elementor-image-carousel-wrapper swiper\" role=\"region\" aria-roledescription=\"carousel\" aria-label=\"Carousel of images\" dir=\"ltr\">\n\t\t\t<div class=\"elementor-image-carousel swiper-wrapper\" aria-live=\"off\">\n\t\t\t\t\t\t\t\t<div class=\"swiper-slide\" role=\"group\" aria-roledescription=\"slide\" aria-label=\"1 z 1\"><figure class=\"swiper-slide-inner\"><img decoding=\"async\" class=\"swiper-slide-image\" src=\"https:\/\/biotechnology.put.poznan.pl\/wp-content\/uploads\/2026\/02\/Zrzut-ekranu-2026-02-14-120434.png\" alt=\"Zrzut ekranu 2026-02-14 120434\" \/><\/figure><\/div>\t\t\t<\/div>\n\t\t\t\t\t<\/div>\n\t\t\t\t\t\t<\/div>\n\t\t\t\t<\/div>\n\t\t\t\t<\/div>\n\t\t\t\t\t<\/div>\n\t\t\t\t<\/div>\n\t\t<div class=\"elementor-element elementor-element-45ea251 e-flex e-con-boxed e-con e-parent\" data-id=\"45ea251\" data-element_type=\"container\" data-e-type=\"container\">\n\t\t\t\t\t<div class=\"e-con-inner\">\n\t\t<div class=\"elementor-element elementor-element-63f2ffa e-con-full e-flex e-con e-child\" data-id=\"63f2ffa\" data-element_type=\"container\" data-e-type=\"container\">\n\t\t\t\t<div class=\"elementor-element elementor-element-b1a1fb2 elementor-widget elementor-widget-heading\" data-id=\"b1a1fb2\" data-element_type=\"widget\" data-e-type=\"widget\" data-widget_type=\"heading.default\">\n\t\t\t\t<div class=\"elementor-widget-container\">\n\t\t\t\t\t<h3 class=\"elementor-heading-title elementor-size-default\">Panel dyskusyjny podczas Sympozjum BioOrg 2025<\/h3>\t\t\t\t<\/div>\n\t\t\t\t<\/div>\n\t\t\t\t<div class=\"elementor-element elementor-element-4b6e833 elementor-widget elementor-widget-text-editor\" data-id=\"4b6e833\" data-element_type=\"widget\" data-e-type=\"widget\" data-widget_type=\"text-editor.default\">\n\t\t\t\t<div class=\"elementor-widget-container\">\n\t\t\t\t\t\t\t\t\t<h5 style=\"color: #000000; font-family: arial, helvetica, sans-serif; font-size: 16px;\">Podczas V Og\u00f3lnopolskiego Sympozjum Chemii Bioorganicznej, Organicznej i Biomateria\u0142\u00f3w odb\u0119dzie si\u0119 Panel dyskusyjny organizowany przez Klaster Zr\u00f3wnowa\u017conej Biotechnologii PP. Spotkanie b\u0119dzie po\u015bwi\u0119cone wyzwaniom zwi\u0105zanym z aplikacyjno\u015bci\u0105 i wdro\u017ceniami rozwi\u0105za\u0144 biotechnologicznych. Wst\u0119p na wydarzenie jest wolny, obowi\u0105zuj\u0105 zapisy poprzez formularz zg\u0142oszeniowy:\u00a0https:\/\/forms.gle\/5YFPuvtXHZpUe5JEA\u00a0<\/h5>\t\t\t\t\t\t\t\t<\/div>\n\t\t\t\t<\/div>\n\t\t\t\t<\/div>\n\t\t<div class=\"elementor-element elementor-element-6dc9d32 e-con-full e-flex e-con e-child\" data-id=\"6dc9d32\" data-element_type=\"container\" data-e-type=\"container\">\n\t\t\t\t<div class=\"elementor-element elementor-element-54e914e elementor-arrows-position-inside elementor-pagination-position-outside elementor-widget elementor-widget-image-carousel\" data-id=\"54e914e\" data-element_type=\"widget\" data-e-type=\"widget\" data-settings=\"{&quot;slides_to_show&quot;:&quot;1&quot;,&quot;navigation&quot;:&quot;both&quot;,&quot;autoplay&quot;:&quot;yes&quot;,&quot;pause_on_hover&quot;:&quot;yes&quot;,&quot;pause_on_interaction&quot;:&quot;yes&quot;,&quot;autoplay_speed&quot;:5000,&quot;infinite&quot;:&quot;yes&quot;,&quot;effect&quot;:&quot;slide&quot;,&quot;speed&quot;:500}\" data-widget_type=\"image-carousel.default\">\n\t\t\t\t<div class=\"elementor-widget-container\">\n\t\t\t\t\t\t\t<div class=\"elementor-image-carousel-wrapper swiper\" role=\"region\" aria-roledescription=\"carousel\" aria-label=\"Carousel of images\" dir=\"ltr\">\n\t\t\t<div class=\"elementor-image-carousel swiper-wrapper\" aria-live=\"off\">\n\t\t\t\t\t\t\t\t<div class=\"swiper-slide\" role=\"group\" aria-roledescription=\"slide\" aria-label=\"1 z 1\"><figure class=\"swiper-slide-inner\"><img decoding=\"async\" class=\"swiper-slide-image\" src=\"https:\/\/biotechnology.put.poznan.pl\/wp-content\/uploads\/2025\/09\/Logo-v1-890x1024.png\" alt=\"Logo-v1\" \/><\/figure><\/div>\t\t\t<\/div>\n\t\t\t\t\t<\/div>\n\t\t\t\t\t\t<\/div>\n\t\t\t\t<\/div>\n\t\t\t\t<\/div>\n\t\t\t\t\t<\/div>\n\t\t\t\t<\/div>\n\t\t<div class=\"elementor-element elementor-element-d97b613 e-flex e-con-boxed e-con e-parent\" data-id=\"d97b613\" data-element_type=\"container\" data-e-type=\"container\">\n\t\t\t\t\t<div class=\"e-con-inner\">\n\t\t<div class=\"elementor-element elementor-element-2fed17a e-con-full e-flex e-con e-child\" data-id=\"2fed17a\" data-element_type=\"container\" data-e-type=\"container\">\n\t\t\t\t<div class=\"elementor-element elementor-element-b58cde8 elementor-widget elementor-widget-heading\" data-id=\"b58cde8\" data-element_type=\"widget\" data-e-type=\"widget\" data-widget_type=\"heading.default\">\n\t\t\t\t<div class=\"elementor-widget-container\">\n\t\t\t\t\t<h3 class=\"elementor-heading-title elementor-size-default\">Seminarium naukowe<\/h3>\t\t\t\t<\/div>\n\t\t\t\t<\/div>\n\t\t\t\t<div class=\"elementor-element elementor-element-c8bbf2a elementor-widget elementor-widget-text-editor\" data-id=\"c8bbf2a\" data-element_type=\"widget\" data-e-type=\"widget\" data-widget_type=\"text-editor.default\">\n\t\t\t\t<div class=\"elementor-widget-container\">\n\t\t\t\t\t\t\t\t\t<h5 style=\"color: #000000; font-family: arial, helvetica, sans-serif; font-size: 16px;\">W dniu 24 wrze\u015bnia 2025 r. na Wydziale Technologii Chemicznej odby\u0142o si\u0119 seminarium naukowe Klastra Zr\u00f3wnowa\u017conej Biotechnologii, w kt\u00f3rym udzia\u0142 wzi\u0119\u0142o jedenastu prelegent\u00f3w reprezentuj\u0105cych r\u00f3\u017cne zespo\u0142y badawcze. Spotkanie by\u0142o okazj\u0105 do zaprezentowania stosowanych metod badawczych i narz\u0119dzi wykorzystywanych w ramach prowadzonych projekt\u00f3w biotechnologicznych.\u00a0Wyst\u0105pienia prelegent\u00f3w stworzy\u0142y przestrze\u0144 do ciekawej dyskusji naukowej, w kt\u00f3rej poruszano zar\u00f3wno aspekty teoretyczne, jak i praktyczne zwi\u0105zane z rozwojem zr\u00f3wnowa\u017conych technologii. W trakcie seminarium zarysowa\u0142y si\u0119 tak\u017ce obszary potencjalnej wsp\u00f3\u0142pracy i wsp\u00f3lnych bada\u0144, co stanowi wa\u017cny krok w dalszym rozwoju klastra i umacnianiu integracji zespo\u0142\u00f3w badawczych. Seminarium potwierdzi\u0142o, \u017ce wsp\u00f3\u0142praca naukowc\u00f3w z r\u00f3\u017cnych dziedzin biotechnologii mo\u017ce sta\u0107 si\u0119 kluczem do tworzenia nowoczesnych, innowacyjnych i przyjaznych \u015brodowisku rozwi\u0105za\u0144.<\/h5>\t\t\t\t\t\t\t\t<\/div>\n\t\t\t\t<\/div>\n\t\t\t\t<\/div>\n\t\t<div class=\"elementor-element elementor-element-b1c8ab9 e-con-full e-flex e-con e-child\" data-id=\"b1c8ab9\" data-element_type=\"container\" data-e-type=\"container\">\n\t\t\t\t<div class=\"elementor-element elementor-element-e3de553 elementor-arrows-position-inside elementor-pagination-position-outside elementor-widget elementor-widget-image-carousel\" data-id=\"e3de553\" data-element_type=\"widget\" data-e-type=\"widget\" data-settings=\"{&quot;slides_to_show&quot;:&quot;1&quot;,&quot;navigation&quot;:&quot;both&quot;,&quot;autoplay&quot;:&quot;yes&quot;,&quot;pause_on_hover&quot;:&quot;yes&quot;,&quot;pause_on_interaction&quot;:&quot;yes&quot;,&quot;autoplay_speed&quot;:5000,&quot;infinite&quot;:&quot;yes&quot;,&quot;effect&quot;:&quot;slide&quot;,&quot;speed&quot;:500}\" data-widget_type=\"image-carousel.default\">\n\t\t\t\t<div class=\"elementor-widget-container\">\n\t\t\t\t\t\t\t<div class=\"elementor-image-carousel-wrapper swiper\" role=\"region\" aria-roledescription=\"carousel\" aria-label=\"Carousel of images\" dir=\"ltr\">\n\t\t\t<div class=\"elementor-image-carousel swiper-wrapper\" aria-live=\"off\">\n\t\t\t\t\t\t\t\t<div class=\"swiper-slide\" role=\"group\" aria-roledescription=\"slide\" aria-label=\"1 z 6\"><figure class=\"swiper-slide-inner\"><img decoding=\"async\" class=\"swiper-slide-image\" src=\"https:\/\/biotechnology.put.poznan.pl\/wp-content\/uploads\/2025\/09\/Zdjecie-WhatsApp-2025-09-24-o-20.24.14_1a626f57-1024x768.jpg\" alt=\"Zdj\u0119cie WhatsApp 2025-09-24 o 20.24.14_1a626f57\" \/><\/figure><\/div><div class=\"swiper-slide\" role=\"group\" aria-roledescription=\"slide\" aria-label=\"2 z 6\"><figure class=\"swiper-slide-inner\"><img decoding=\"async\" class=\"swiper-slide-image\" src=\"https:\/\/biotechnology.put.poznan.pl\/wp-content\/uploads\/2025\/09\/Zdjecie-WhatsApp-2025-09-24-o-20.24.14_1ba5482d-1024x768.jpg\" alt=\"Zdj\u0119cie WhatsApp 2025-09-24 o 20.24.14_1ba5482d\" \/><\/figure><\/div><div class=\"swiper-slide\" role=\"group\" aria-roledescription=\"slide\" aria-label=\"3 z 6\"><figure class=\"swiper-slide-inner\"><img decoding=\"async\" class=\"swiper-slide-image\" src=\"https:\/\/biotechnology.put.poznan.pl\/wp-content\/uploads\/2025\/09\/Zdjecie-WhatsApp-2025-09-24-o-20.24.14_5e8803c8-1024x768.jpg\" alt=\"Zdj\u0119cie WhatsApp 2025-09-24 o 20.24.14_5e8803c8\" \/><\/figure><\/div><div class=\"swiper-slide\" role=\"group\" aria-roledescription=\"slide\" aria-label=\"4 z 6\"><figure class=\"swiper-slide-inner\"><img decoding=\"async\" class=\"swiper-slide-image\" src=\"https:\/\/biotechnology.put.poznan.pl\/wp-content\/uploads\/2025\/09\/Zdjecie-WhatsApp-2025-09-24-o-20.24.14_6bf4aaab-1024x768.jpg\" alt=\"Zdj\u0119cie WhatsApp 2025-09-24 o 20.24.14_6bf4aaab\" \/><\/figure><\/div><div class=\"swiper-slide\" role=\"group\" aria-roledescription=\"slide\" aria-label=\"5 z 6\"><figure class=\"swiper-slide-inner\"><img decoding=\"async\" class=\"swiper-slide-image\" src=\"https:\/\/biotechnology.put.poznan.pl\/wp-content\/uploads\/2025\/09\/Zdjecie-WhatsApp-2025-09-24-o-20.24.14_41c296da-1024x768.jpg\" alt=\"Zdj\u0119cie WhatsApp 2025-09-24 o 20.24.14_41c296da\" \/><\/figure><\/div><div class=\"swiper-slide\" role=\"group\" aria-roledescription=\"slide\" aria-label=\"6 z 6\"><figure class=\"swiper-slide-inner\"><img decoding=\"async\" class=\"swiper-slide-image\" src=\"https:\/\/biotechnology.put.poznan.pl\/wp-content\/uploads\/2025\/09\/Zdjecie-WhatsApp-2025-09-24-o-20.24.14_743eba91-1024x768.jpg\" alt=\"Zdj\u0119cie WhatsApp 2025-09-24 o 20.24.14_743eba91\" \/><\/figure><\/div>\t\t\t<\/div>\n\t\t\t\t\t\t\t\t\t\t\t\t<div class=\"elementor-swiper-button elementor-swiper-button-prev\" role=\"button\" tabindex=\"0\">\n\t\t\t\t\t\t<svg aria-hidden=\"true\" class=\"e-font-icon-svg e-eicon-chevron-left\" viewbox=\"0 0 1000 1000\" xmlns=\"http:\/\/www.w3.org\/2000\/svg\"><path d=\"M646 125C629 125 613 133 604 142L308 442C296 454 292 471 292 487 292 504 296 521 308 533L604 854C617 867 629 875 646 875 663 875 679 871 692 858 704 846 713 829 713 812 713 796 708 779 692 767L438 487 692 225C700 217 708 204 708 187 708 171 704 154 692 142 675 129 663 125 646 125Z\"><\/path><\/svg>\t\t\t\t\t<\/div>\n\t\t\t\t\t<div class=\"elementor-swiper-button elementor-swiper-button-next\" role=\"button\" tabindex=\"0\">\n\t\t\t\t\t\t<svg aria-hidden=\"true\" class=\"e-font-icon-svg e-eicon-chevron-right\" viewbox=\"0 0 1000 1000\" xmlns=\"http:\/\/www.w3.org\/2000\/svg\"><path d=\"M696 533C708 521 713 504 713 487 713 471 708 454 696 446L400 146C388 133 375 125 354 125 338 125 325 129 313 142 300 154 292 171 292 187 292 204 296 221 308 233L563 492 304 771C292 783 288 800 288 817 288 833 296 850 308 863 321 871 338 875 354 875 371 875 388 867 400 854L696 533Z\"><\/path><\/svg>\t\t\t\t\t<\/div>\n\t\t\t\t\n\t\t\t\t\t\t\t\t\t<div class=\"swiper-pagination\"><\/div>\n\t\t\t\t\t\t\t\t\t<\/div>\n\t\t\t\t\t\t<\/div>\n\t\t\t\t<\/div>\n\t\t\t\t<\/div>\n\t\t\t\t\t<\/div>\n\t\t\t\t<\/div>\n\t\t<div class=\"elementor-element elementor-element-cc6c50f e-flex e-con-boxed e-con e-parent\" data-id=\"cc6c50f\" data-element_type=\"container\" data-e-type=\"container\">\n\t\t\t\t\t<div class=\"e-con-inner\">\n\t\t<div class=\"elementor-element elementor-element-9d0fc38 e-con-full e-flex e-con e-child\" data-id=\"9d0fc38\" data-element_type=\"container\" data-e-type=\"container\">\n\t\t\t\t<div class=\"elementor-element elementor-element-d1a3ad0 elementor-widget elementor-widget-heading\" data-id=\"d1a3ad0\" data-element_type=\"widget\" data-e-type=\"widget\" data-widget_type=\"heading.default\">\n\t\t\t\t<div class=\"elementor-widget-container\">\n\t\t\t\t\t<h3 class=\"elementor-heading-title elementor-size-default\">Inauguration of Cluster of Excellence in Sustainable Biotechnology at Poznan University of Technology<\/h3>\t\t\t\t<\/div>\n\t\t\t\t<\/div>\n\t\t\t\t<div class=\"elementor-element elementor-element-e10b615 elementor-widget elementor-widget-text-editor\" data-id=\"e10b615\" data-element_type=\"widget\" data-e-type=\"widget\" data-widget_type=\"text-editor.default\">\n\t\t\t\t<div class=\"elementor-widget-container\">\n\t\t\t\t\t\t\t\t\t<h5 class=\"p1\"><span id=\"m_-2031756383362490635OBJ_PREFIX_DWT546_com_zimbra_date\" role=\"link\"><span id=\"m_-2031756383362490635OBJ_PREFIX_DWT560_com_zimbra_date\" role=\"link\">On June 6, 2025<\/span><\/span>\u00a0The inaugural meeting of the Cluster of Excellence in Sustainable Biotechnology was held at Pozna\u0144 University of Technology. In a friendly and inspiring atmosphere, the participants - representatives of various units of the university - discussed ongoing research, shared expectations regarding the development of the cluster and planned directions for future activities.<\/h5>\t\t\t\t\t\t\t\t<\/div>\n\t\t\t\t<\/div>\n\t\t\t\t<\/div>\n\t\t<div class=\"elementor-element elementor-element-49aa4af e-con-full e-flex e-con e-child\" data-id=\"49aa4af\" data-element_type=\"container\" data-e-type=\"container\">\n\t\t\t\t<div class=\"elementor-element elementor-element-382a7b2 elementor-arrows-position-inside elementor-pagination-position-outside elementor-widget elementor-widget-image-carousel\" data-id=\"382a7b2\" data-element_type=\"widget\" data-e-type=\"widget\" data-settings=\"{&quot;slides_to_show&quot;:&quot;1&quot;,&quot;navigation&quot;:&quot;both&quot;,&quot;autoplay&quot;:&quot;yes&quot;,&quot;pause_on_hover&quot;:&quot;yes&quot;,&quot;pause_on_interaction&quot;:&quot;yes&quot;,&quot;autoplay_speed&quot;:5000,&quot;infinite&quot;:&quot;yes&quot;,&quot;effect&quot;:&quot;slide&quot;,&quot;speed&quot;:500}\" data-widget_type=\"image-carousel.default\">\n\t\t\t\t<div class=\"elementor-widget-container\">\n\t\t\t\t\t\t\t<div class=\"elementor-image-carousel-wrapper swiper\" role=\"region\" aria-roledescription=\"carousel\" aria-label=\"Carousel of images\" dir=\"ltr\">\n\t\t\t<div class=\"elementor-image-carousel swiper-wrapper\" aria-live=\"off\">\n\t\t\t\t\t\t\t\t<div class=\"swiper-slide\" role=\"group\" aria-roledescription=\"slide\" aria-label=\"1 z 4\"><figure class=\"swiper-slide-inner\"><img decoding=\"async\" class=\"swiper-slide-image\" src=\"https:\/\/biotechnology.put.poznan.pl\/wp-content\/uploads\/2025\/06\/IMG-20250606-WA0002-kwadrat-1024x900.jpg\" alt=\"Inauguracja Klastra Doskona\u0142o\u015bci w Zr\u00f3wnowa\u017conej Biotechnologii na Politechnice Pozna\u0144skiej\" \/><\/figure><\/div><div class=\"swiper-slide\" role=\"group\" aria-roledescription=\"slide\" aria-label=\"2 z 4\"><figure class=\"swiper-slide-inner\"><img decoding=\"async\" class=\"swiper-slide-image\" src=\"https:\/\/biotechnology.put.poznan.pl\/wp-content\/uploads\/2025\/06\/IMG-20250606-WA0008-1024x768.jpg\" alt=\"Inauguracja Klastra Doskona\u0142o\u015bci w Zr\u00f3wnowa\u017conej Biotechnologii na Politechnice Pozna\u0144skiej\" \/><\/figure><\/div><div class=\"swiper-slide\" role=\"group\" aria-roledescription=\"slide\" aria-label=\"3 z 4\"><figure class=\"swiper-slide-inner\"><img decoding=\"async\" class=\"swiper-slide-image\" src=\"https:\/\/biotechnology.put.poznan.pl\/wp-content\/uploads\/2025\/06\/IMG-20250606-WA0010-1024x768.jpg\" alt=\"Inauguracja Klastra Doskona\u0142o\u015bci w Zr\u00f3wnowa\u017conej Biotechnologii na Politechnice Pozna\u0144skiej\" \/><\/figure><\/div><div class=\"swiper-slide\" role=\"group\" aria-roledescription=\"slide\" aria-label=\"4 z 4\"><figure class=\"swiper-slide-inner\"><img decoding=\"async\" class=\"swiper-slide-image\" src=\"https:\/\/biotechnology.put.poznan.pl\/wp-content\/uploads\/2025\/06\/IMG-20250606-WA0016-1024x768.jpg\" alt=\"Inauguracja Klastra Doskona\u0142o\u015bci w Zr\u00f3wnowa\u017conej Biotechnologii na Politechnice Pozna\u0144skiej\" \/><\/figure><\/div>\t\t\t<\/div>\n\t\t\t\t\t\t\t\t\t\t\t\t<div class=\"elementor-swiper-button elementor-swiper-button-prev\" role=\"button\" tabindex=\"0\">\n\t\t\t\t\t\t<svg aria-hidden=\"true\" class=\"e-font-icon-svg e-eicon-chevron-left\" viewbox=\"0 0 1000 1000\" xmlns=\"http:\/\/www.w3.org\/2000\/svg\"><path d=\"M646 125C629 125 613 133 604 142L308 442C296 454 292 471 292 487 292 504 296 521 308 533L604 854C617 867 629 875 646 875 663 875 679 871 692 858 704 846 713 829 713 812 713 796 708 779 692 767L438 487 692 225C700 217 708 204 708 187 708 171 704 154 692 142 675 129 663 125 646 125Z\"><\/path><\/svg>\t\t\t\t\t<\/div>\n\t\t\t\t\t<div class=\"elementor-swiper-button elementor-swiper-button-next\" role=\"button\" tabindex=\"0\">\n\t\t\t\t\t\t<svg aria-hidden=\"true\" class=\"e-font-icon-svg e-eicon-chevron-right\" viewbox=\"0 0 1000 1000\" xmlns=\"http:\/\/www.w3.org\/2000\/svg\"><path d=\"M696 533C708 521 713 504 713 487 713 471 708 454 696 446L400 146C388 133 375 125 354 125 338 125 325 129 313 142 300 154 292 171 292 187 292 204 296 221 308 233L563 492 304 771C292 783 288 800 288 817 288 833 296 850 308 863 321 871 338 875 354 875 371 875 388 867 400 854L696 533Z\"><\/path><\/svg>\t\t\t\t\t<\/div>\n\t\t\t\t\n\t\t\t\t\t\t\t\t\t<div class=\"swiper-pagination\"><\/div>\n\t\t\t\t\t\t\t\t\t<\/div>\n\t\t\t\t\t\t<\/div>\n\t\t\t\t<\/div>\n\t\t\t\t<\/div>\n\t\t\t\t\t<\/div>\n\t\t\t\t<\/div>\n\t\t\t\t<\/div>","protected":false},"excerpt":{"rendered":"<p>7th Biotransformations Symposium for the Pharmaceutical and Cosmetics Industry (7BPCI) Klaster Zr\u00f3wnowa\u017conej Biotechnologii nawiaza\u0142 wsp\u00f3\u0142prac\u0119 z 7th Biotransformations Symposium for the Pharmaceutical and Cosmetics Industry (7BPCI). To si\u00f3dma edycja wydarzenia, gromadz\u0105cego mi\u0119dzynarodowe \u015brodowisko naukowc\u00f3w zajmuj\u0105cych si\u0119 procesami biotransformacji. W tym roku wydarzenie odb\u0119dzie si\u0119 w Poznaniu w dniach 24-26 maja. Zapraszamy do rejetsracji podczas wydarzenia [&hellip;]<\/p>\n","protected":false},"author":2,"featured_media":0,"parent":35,"menu_order":0,"comment_status":"closed","ping_status":"closed","template":"elementor_header_footer","meta":{"footnotes":""},"class_list":["post-43","page","type-page","status-publish","hentry"],"_links":{"self":[{"href":"https:\/\/biotechnology.put.poznan.pl\/en\/wp-json\/wp\/v2\/pages\/43","targetHints":{"allow":["GET"]}}],"collection":[{"href":"https:\/\/biotechnology.put.poznan.pl\/en\/wp-json\/wp\/v2\/pages"}],"about":[{"href":"https:\/\/biotechnology.put.poznan.pl\/en\/wp-json\/wp\/v2\/types\/page"}],"author":[{"embeddable":true,"href":"https:\/\/biotechnology.put.poznan.pl\/en\/wp-json\/wp\/v2\/users\/2"}],"replies":[{"embeddable":true,"href":"https:\/\/biotechnology.put.poznan.pl\/en\/wp-json\/wp\/v2\/comments?post=43"}],"version-history":[{"count":37,"href":"https:\/\/biotechnology.put.poznan.pl\/en\/wp-json\/wp\/v2\/pages\/43\/revisions"}],"predecessor-version":[{"id":386,"href":"https:\/\/biotechnology.put.poznan.pl\/en\/wp-json\/wp\/v2\/pages\/43\/revisions\/386"}],"up":[{"embeddable":true,"href":"https:\/\/biotechnology.put.poznan.pl\/en\/wp-json\/wp\/v2\/pages\/35"}],"wp:attachment":[{"href":"https:\/\/biotechnology.put.poznan.pl\/en\/wp-json\/wp\/v2\/media?parent=43"}],"curies":[{"name":"wp","href":"https:\/\/api.w.org\/{rel}","templated":true}]}}